{"id":49,"date":"2025-03-14T02:01:55","date_gmt":"2025-03-14T02:01:55","guid":{"rendered":"https:\/\/forestgreen-jellyfish-489191.hostingersite.com\/?post_type=product&#038;p=49"},"modified":"2025-05-10T17:35:34","modified_gmt":"2025-05-10T17:35:34","slug":"lampara-trilux","status":"publish","type":"product","link":"https:\/\/yacosprinter.reaccionaragencia.com\/?product=lampara-trilux","title":{"rendered":"Lampara TriLux"},"content":{"rendered":"<p>Con una estructura geom\u00e9trica inspirada en formas triangulares, este modelo combina un dise\u00f1o minimalista con un toque de sofisticaci\u00f3n. Su forma angular le brinda un aspecto \u00fanico, perfecto para quienes buscan una l\u00e1mpara con car\u00e1cter y presencia. Fabricada con materiales de calidad, su iluminaci\u00f3n RGB o LED permite crear diferentes atm\u00f3sferas seg\u00fan la necesidad. Es una excelente opci\u00f3n para escritorios, salas de estar o cualquier espacio que requiera una luz estilizada con un dise\u00f1o arquitect\u00f3nico.<\/p>\n","protected":false},"excerpt":{"rendered":"<p>Con una estructura geom\u00e9trica inspirada en formas triangulares, este modelo combina un dise\u00f1o minimalista con un toque de sofisticaci\u00f3n. Su [&hellip;]<\/p>\n","protected":false},"featured_media":79,"comment_status":"open","ping_status":"closed","template":"","meta":{"_eb_attr":"","site-sidebar-layout":"default","site-content-layout":"","ast-site-content-layout":"default","site-content-style":"default","site-sidebar-style":"default","ast-global-header-display":"","ast-banner-title-visibility":"","ast-main-header-display":"","ast-hfb-above-header-display":"","ast-hfb-below-header-display":"","ast-hfb-mobile-header-display":"","site-post-title":"","ast-breadcrumbs-content":"","ast-featured-img":"","footer-sml-layout":"","ast-disable-related-posts":"","theme-transparent-header-meta":"default","adv-header-id-meta":"","stick-header-meta":"","header-above-stick-meta":"","header-main-stick-meta":"","header-below-stick-meta":"","astra-migrate-meta-layouts":"set","ast-page-background-enabled":"default","ast-page-background-meta":{"desktop":{"background-color":"var(--ast-global-color-5)","background-image":"","background-repeat":"repeat","background-position":"center center","background-size":"auto","background-attachment":"scroll","background-type":"","background-media":"","overlay-type":"","overlay-color":"","overlay-opacity":"","overlay-gradient":""},"tablet":{"background-color":"","background-image":"","background-repeat":"repeat","background-position":"center center","background-size":"auto","background-attachment":"scroll","background-type":"","background-media":"","overlay-type":"","overlay-color":"","overlay-opacity":"","overlay-gradient":""},"mobile":{"background-color":"","background-image":"","background-repeat":"repeat","background-position":"center center","background-size":"auto","background-attachment":"scroll","background-type":"","background-media":"","overlay-type":"","overlay-color":"","overlay-opacity":"","overlay-gradient":""}},"ast-content-background-meta":{"desktop":{"background-color":"var(--ast-global-color-4)","background-image":"","background-repeat":"repeat","background-position":"center center","background-size":"auto","background-attachment":"scroll","background-type":"","background-media":"","overlay-type":"","overlay-color":"","overlay-opacity":"","overlay-gradient":""},"tablet":{"background-color":"var(--ast-global-color-4)","background-image":"","background-repeat":"repeat","background-position":"center center","background-size":"auto","background-attachment":"scroll","background-type":"","background-media":"","overlay-type":"","overlay-color":"","overlay-opacity":"","overlay-gradient":""},"mobile":{"background-color":"var(--ast-global-color-4)","background-image":"","background-repeat":"repeat","background-position":"center center","background-size":"auto","background-attachment":"scroll","background-type":"","background-media":"","overlay-type":"","overlay-color":"","overlay-opacity":"","overlay-gradient":""}}},"product_brand":[],"product_cat":[15],"product_tag":[],"class_list":{"0":"post-49","1":"product","2":"type-product","3":"status-publish","4":"has-post-thumbnail","6":"product_cat-uncategorized","7":"desktop-align-left","8":"tablet-align-left","9":"mobile-align-left","11":"first","12":"instock","13":"shipping-taxable","14":"purchasable","15":"product-type-simple"},"_links":{"self":[{"href":"https:\/\/yacosprinter.reaccionaragencia.com\/index.php?rest_route=\/wp\/v2\/product\/49","targetHints":{"allow":["GET"]}}],"collection":[{"href":"https:\/\/yacosprinter.reaccionaragencia.com\/index.php?rest_route=\/wp\/v2\/product"}],"about":[{"href":"https:\/\/yacosprinter.reaccionaragencia.com\/index.php?rest_route=\/wp\/v2\/types\/product"}],"replies":[{"embeddable":true,"href":"https:\/\/yacosprinter.reaccionaragencia.com\/index.php?rest_route=%2Fwp%2Fv2%2Fcomments&post=49"}],"wp:featuredmedia":[{"embeddable":true,"href":"https:\/\/yacosprinter.reaccionaragencia.com\/index.php?rest_route=\/wp\/v2\/media\/79"}],"wp:attachment":[{"href":"https:\/\/yacosprinter.reaccionaragencia.com\/index.php?rest_route=%2Fwp%2Fv2%2Fmedia&parent=49"}],"wp:term":[{"taxonomy":"product_brand","embeddable":true,"href":"https:\/\/yacosprinter.reaccionaragencia.com\/index.php?rest_route=%2Fwp%2Fv2%2Fproduct_brand&post=49"},{"taxonomy":"product_cat","embeddable":true,"href":"https:\/\/yacosprinter.reaccionaragencia.com\/index.php?rest_route=%2Fwp%2Fv2%2Fproduct_cat&post=49"},{"taxonomy":"product_tag","embeddable":true,"href":"https:\/\/yacosprinter.reaccionaragencia.com\/index.php?rest_route=%2Fwp%2Fv2%2Fproduct_tag&post=49"}],"curies":[{"name":"wp","href":"https:\/\/api.w.org\/{rel}","templated":true}]}}